{"id":8066,"date":"2023-12-03T17:20:45","date_gmt":"2023-12-03T16:20:45","guid":{"rendered":"https:\/\/dtrconstruccions.com\/proyectos\/"},"modified":"2025-01-07T10:23:36","modified_gmt":"2025-01-07T09:23:36","slug":"proyectos","status":"publish","type":"page","link":"https:\/\/dtrconstruccions.com\/es\/proyectos\/","title":{"rendered":"Proyectos"},"content":{"rendered":"\t\t<div data-elementor-type=\"wp-page\" data-elementor-id=\"8066\" class=\"elementor elementor-8066 elementor-3708\" data-elementor-post-type=\"page\">\n\t\t\t\t\t\t<section class=\"elementor-section elementor-top-section elementor-element elementor-element-7f8db97 elementor-section-full_width rainbow-section-gap elementor-section-height-default elementor-section-height-default\" data-id=\"7f8db97\" data-element_type=\"section\">\n\t\t\t\t\t\t<div class=\"elementor-container elementor-column-gap-default\">\n\t\t\t\t\t<div class=\"elementor-column elementor-col-100 elementor-top-column elementor-element elementor-element-7bba626\" data-id=\"7bba626\" data-element_type=\"column\">\n\t\t\t<div class=\"elementor-widget-wrap elementor-element-populated\">\n\t\t\t\t\t\t<div class=\"elementor-element elementor-element-f7b0146 elementor-widget elementor-widget-doob-portfolio\" data-id=\"f7b0146\" data-element_type=\"widget\" data-widget_type=\"doob-portfolio.default\">\n\t\t\t\t<div class=\"elementor-widget-container\">\n\t\t\t            <!-- Start Portfolio Area  -->\r\n            <div class=\"portfolio-area rn-portfolio-area rainbow-portfolio-area rainbow-section-gap masonary-wrapper-activation layout-4\" id=\"doob-portfolio-f7b0146\">\r\n                <div class=\"container-fluid plr--30\">\r\n\r\n                    <div class=\"row\">\r\n                        <div class=\"col-lg-12\">\r\n                            <div class=\"section-title mb--30 text-center\">\r\n                                                            <div class=\"subtitle\"><span class=\"theme-gradient\">Nuestros proyectos<\/span><\/div>\r\n            \r\n                            <h2 class=\"title w-600 mb--20\">\r\n                    <span> Nuestro portfolio de proyectos. <\/span> <br>\r\n                                    <\/h2>\r\n                                                            <\/div>\r\n                        <\/div>\r\n                    <\/div>\r\n\r\n                    \r\n                                            <div class=\"row rn-filterable-portfolios\">\r\n                                                            <!-- Start Single Portfolio  -->\r\n                                <div class=\"active reforma-es rn-filterable-portfolio-item mt--30 col-lg-4 col-md-6 col-sm-6 col-12\">\r\n                                    <div class=\"rainbow-card portfolio\">\r\n                                        <div class=\"inner\">\r\n                                                                                            <div class=\"thumbnail\">\r\n                                                    <figure class=\"card-image\">\r\n                                                        <a href=\"https:\/\/dtrconstruccions.com\/es\/portfolios\/reforma-integral-la-cerdanya\/\" class=\"image\">\r\n                                                            <img fetchpriority=\"high\" decoding=\"async\" width=\"1200\" height=\"950\" src=\"https:\/\/dtrconstruccions.com\/wp-content\/uploads\/2023\/03\/c2dc225b-d93a-4fe8-ab65-b0cfdf634eb8-1200x950.jpg\" class=\"w-100 wp-post-image\" alt=\"\" \/>                                                        <\/a>\r\n                                                    <\/figure>\r\n                                                <\/div>\r\n                                            \r\n                                                                                            <div class=\"content\">\r\n\r\n                                                                                                            <h5 class=\"title mb--10 mt--10\">\r\n                                                            <a href=\"https:\/\/dtrconstruccions.com\/es\/portfolios\/reforma-integral-la-cerdanya\/\">Reforma Integral &#8211; La Cerdanya<\/a>\r\n                                                        <\/h5>\r\n                                                    \r\n                                                                                                                                                                                                                                        <span class=\"subtitle b2\">Reforma<\/span>\r\n                                                                                                                                                                        \r\n                                                <\/div>\r\n                                                                                    <\/div>\r\n                                    <\/div>\r\n                                <\/div>\r\n                                                                <!-- Start Single Portfolio  -->\r\n                                <div class=\" reforma-es rn-filterable-portfolio-item mt--30 col-lg-4 col-md-6 col-sm-6 col-12\">\r\n                                    <div class=\"rainbow-card portfolio\">\r\n                                        <div class=\"inner\">\r\n                                                                                            <div class=\"thumbnail\">\r\n                                                    <figure class=\"card-image\">\r\n                                                        <a href=\"https:\/\/dtrconstruccions.com\/es\/portfolios\/reforma-ampliacion-girona\/\" class=\"image\">\r\n                                                            <img decoding=\"async\" width=\"1200\" height=\"950\" src=\"https:\/\/dtrconstruccions.com\/wp-content\/uploads\/2023\/03\/item-2-1200x950.png\" class=\"w-100 wp-post-image\" alt=\"\" \/>                                                        <\/a>\r\n                                                    <\/figure>\r\n                                                <\/div>\r\n                                            \r\n                                                                                            <div class=\"content\">\r\n\r\n                                                                                                            <h5 class=\"title mb--10 mt--10\">\r\n                                                            <a href=\"https:\/\/dtrconstruccions.com\/es\/portfolios\/reforma-ampliacion-girona\/\">Reforma, Ampliaci\u00f3n &#8211; Girona<\/a>\r\n                                                        <\/h5>\r\n                                                    \r\n                                                                                                                                                                                                                                        <span class=\"subtitle b2\">Reforma<\/span>\r\n                                                                                                                                                                        \r\n                                                <\/div>\r\n                                                                                    <\/div>\r\n                                    <\/div>\r\n                                <\/div>\r\n                                                                <!-- Start Single Portfolio  -->\r\n                                <div class=\" reforma-es rn-filterable-portfolio-item mt--30 col-lg-4 col-md-6 col-sm-6 col-12\">\r\n                                    <div class=\"rainbow-card portfolio\">\r\n                                        <div class=\"inner\">\r\n                                                                                            <div class=\"thumbnail\">\r\n                                                    <figure class=\"card-image\">\r\n                                                        <a href=\"https:\/\/dtrconstruccions.com\/es\/portfolios\/reformas\/\" class=\"image\">\r\n                                                            <img decoding=\"async\" width=\"1200\" height=\"950\" src=\"https:\/\/dtrconstruccions.com\/wp-content\/uploads\/2024\/11\/FOTO-PRINCIPAL-PAG.PROJECTES-1200x950.jpg\" class=\"w-100 wp-post-image\" alt=\"\" \/>                                                        <\/a>\r\n                                                    <\/figure>\r\n                                                <\/div>\r\n                                            \r\n                                                                                            <div class=\"content\">\r\n\r\n                                                                                                            <h5 class=\"title mb--10 mt--10\">\r\n                                                            <a href=\"https:\/\/dtrconstruccions.com\/es\/portfolios\/reformas\/\">Reformas<\/a>\r\n                                                        <\/h5>\r\n                                                    \r\n                                                                                                                                                                                                                                        <span class=\"subtitle b2\">Reforma<\/span>\r\n                                                                                                                                                                        \r\n                                                <\/div>\r\n                                                                                    <\/div>\r\n                                    <\/div>\r\n                                <\/div>\r\n                                 <!-- End While  -->\r\n                        <\/div>\r\n\r\n\r\n                                                    <div class=\"row\">\r\n                                <div class=\"col-lg-12\">\r\n                                    <div class=\"view-more-btn mt--60 text-center\">\r\n                                        <a class=\"btn-default\" href=\"#\" target=\"_self\" rel=\"nofollow\"><span class=\"button-text\">Cargar m\u00e1s<\/span><\/a>                                    <\/div>\r\n                                <\/div>\r\n                            <\/div>\r\n                        \r\n                        \r\n                        \r\n                                    <\/div>\r\n            <\/div>\r\n            <!-- Start Portfolio Area  -->\r\n        \t\t<\/div>\n\t\t\t\t<\/div>\n\t\t\t\t\t<\/div>\n\t\t<\/div>\n\t\t\t\t\t<\/div>\n\t\t<\/section>\n\t\t\t\t<\/div>\n\t\t","protected":false},"excerpt":{"rendered":"<p>Nuestros proyectos Nuestro portfolio de proyectos. Reforma Integral &#8211; La Cerdanya, Bolvir Reforma Reforma, Ampliaci\u00f3 &#8211; La Cerdanya , Gr\u00e9ixer Reforma Petites i Mitjanes Reformes Reforma Cargar m\u00e1s<\/p>\n","protected":false},"author":1,"featured_media":0,"parent":0,"menu_order":0,"comment_status":"closed","ping_status":"closed","template":"elementor_header_footer","meta":{"cybocfi_hide_featured_image":"","footnotes":""},"class_list":["post-8066","page","type-page","status-publish","hentry"],"_links":{"self":[{"href":"https:\/\/dtrconstruccions.com\/es\/wp-json\/wp\/v2\/pages\/8066","targetHints":{"allow":["GET"]}}],"collection":[{"href":"https:\/\/dtrconstruccions.com\/es\/wp-json\/wp\/v2\/pages"}],"about":[{"href":"https:\/\/dtrconstruccions.com\/es\/wp-json\/wp\/v2\/types\/page"}],"author":[{"embeddable":true,"href":"https:\/\/dtrconstruccions.com\/es\/wp-json\/wp\/v2\/users\/1"}],"replies":[{"embeddable":true,"href":"https:\/\/dtrconstruccions.com\/es\/wp-json\/wp\/v2\/comments?post=8066"}],"version-history":[{"count":14,"href":"https:\/\/dtrconstruccions.com\/es\/wp-json\/wp\/v2\/pages\/8066\/revisions"}],"predecessor-version":[{"id":8846,"href":"https:\/\/dtrconstruccions.com\/es\/wp-json\/wp\/v2\/pages\/8066\/revisions\/8846"}],"wp:attachment":[{"href":"https:\/\/dtrconstruccions.com\/es\/wp-json\/wp\/v2\/media?parent=8066"}],"curies":[{"name":"wp","href":"https:\/\/api.w.org\/{rel}","templated":true}]}}